{"id":432,"date":"2014-01-03T10:11:11","date_gmt":"2014-01-03T10:11:11","guid":{"rendered":"http:\/\/apostolatsgemeinschaft.eu\/kl-ritter?page_id=432"},"modified":"2022-12-30T05:24:25","modified_gmt":"2022-12-30T05:24:25","slug":"gebete","status":"publish","type":"page","link":"https:\/\/kleiner-ritter-der-unbefleckten.de\/?page_id=432","title":{"rendered":"Gebete"},"content":{"rendered":"<p>Auf dieser Seite sammeln wir eure Lieblingsgebete. Allerdings m\u00f6chte ich die Gebete nicht vorgeben, sondern eure Vorschl\u00e4ge hier posten. Bitte schreibe immer dazu, um was f\u00fcr ein Gebet es sich handelt (z.B. Morgengebet, Abendgebet, Gebet vor der Mahlzeit, Gebet f\u00fcr die Eltern&#8230;..)<\/p>\n<p><a href=\"https:\/\/kleiner-ritter-der-unbefleckten.de\/?p=698\">Hier<\/a> findest du den Barmherzigkeitsrosenkranz.<\/p>\n<p>Wenn viele Gebete eingehen, k\u00f6nntest Du Dir auch verschiedene Gebetsw\u00fcrfel erstellen.<\/p>\n<p><a href=\"https:\/\/kleiner-ritter-der-unbefleckten.de\/wp-content\/uploads\/2013\/09\/Gebetsw\u00fcrfel-Abend.jpg\"><img loading=\"lazy\" decoding=\"async\" class=\"wp-image-69 aligncenter\" src=\"https:\/\/kleiner-ritter-der-unbefleckten.de\/wp-content\/uploads\/2013\/09\/Gebetsw\u00fcrfel-Abend-283x300.jpg\" alt=\"Gebetsw\u00fcrfel-Abend\" width=\"236\" height=\"251\" srcset=\"https:\/\/kleiner-ritter-der-unbefleckten.de\/wp-content\/uploads\/2013\/09\/Gebetsw\u00fcrfel-Abend-283x300.jpg 283w, https:\/\/kleiner-ritter-der-unbefleckten.de\/wp-content\/uploads\/2013\/09\/Gebetsw\u00fcrfel-Abend-968x1024.jpg 968w\" sizes=\"auto, (max-width: 236px) 100vw, 236px\" \/><\/a>Doch was bedeutet beten eigentlich? Ist es ein heruntersagen von frommen Worten? <!--more--><\/p>\n<p><b>Was ist eigentlich Beten?<\/b><br \/>\nBeten ist sprechen mit Gott. Mit Gott kannst du \u00fcber alles sprechen. Er h\u00f6rt dir immer zu. Seine Leitung ist nie besetzt und es ert\u00f6nt nie die Stimme: &#8222;Kein Anschluss unter dieser Nummer.&#8220; Der n\u00e4chste Vorteil ist, dass du keine Telefonnummer auswendig lernen musst und der Anruf umsonst ist. Alle Situationen, die du erlebst, kannst du ihm einfach erz\u00e4hlen. Und du wirst erstaunt sein, dass du auf einmal Frieden in deinem Herzen sp\u00fcrst. Diesen Frieden kann nur Gott schenken.<\/p>\n<p><b>Kannst du Gott alles sagen?<\/b><\/p>\n<p>Ja, du kannst mit allem zu Gott gehen. Mit all deinen Freuden, aber auch mit all deinen Leiden. Du kannst ihm immer wieder danken f\u00fcr alles, was er dir schenkt. Dazu brauchst du dich gar nicht anstrengen. Wenn du z.B. ein sch\u00f6nes Bild gemalt hast, dann danke Gott f\u00fcr die Gabe des Malens. Denn alles Gute kommt von Gott.<br \/>\nDu kannst Gott auch um etwas bitten. Wenn du morgens aufstehst, dann bitte ihn, dass der ganze Himmel (die Gottesmutter Maria, Jesus, der hl. Josef, dein Schutzengel, dein Namenspatron, alle Engel und Heiligen) dich durch diesen Tag tragen sollen.<br \/>\nDann sollst du Gott auch immer wieder loben und preisen, weil er so wunderbar ist und dich so lieb hat. \u00dcber dieses Gebet freut sich der ganze Himmel. So kannst du \u00fcberall beten, im Kindergarten, in der Schule, zu Hause, beim Spazierengehen&#8230;<br \/>\nWenn du an einem Kreuz vorbeigehst, dann mach dir ein Kreuzzeichen und spreche: &#8222;Im Namen des Vaters, des Sohnes und des Hl. Geistes, wie im Anfang so auch jetzt und alle Zeit und in Ewigkeit. Amen.&#8220; Dann danke Jesus, dass er f\u00fcr dich am Kreuz gestorben ist. Dadurch hat er dir den Himmel aufgeschlossen. Denn ohne Kreuz g\u00e4be es keine Auferstehung.<br \/>\nWenn du so den ganzen Tag mit Gott verbunden bist, wirst du sp\u00fcren, dass du dich nicht mehr einsam und allein f\u00fchlst, der ganze Himmel ist dann um dich.<\/p>\n<p><b>Was ist, wenn du Jesus vergisst und B\u00f6ses tust<\/b>?<br \/>\nJa, dann ist Jesus traurig. Aber er wartet auf dich. Sobald du merkst, dass etwas nicht in Ordnung ist, dann geh zu ihm (ans Kreuz) und sage ihm, dass es dir leid tut.<br \/>\nWenn du schon \u00e4lter bist, dann bring es in die n\u00e4chste Beichte, damit Jesus dich wieder sauber waschen kann.<br \/>\nEines ist sicher: Jesus ist nicht nachtragend. Er vergibt dir!!!<br \/>\nUnd du, kannst du dir selber auch vergeben???<\/p>\n<p>Wir haben bis jetzt \u00fcber das freie Gebet gesprochen, das aus dem Herzen kommt. Denke immer daran, dass du nie den &#8222;Telefonh\u00f6rer&#8220; auflegen darfst, wie gesagt keine Sorge, der Anruf kostet wirklich nichts. Naja nichts kann man nicht sagen, er kostet deine \u00dcberwindung von dir selber abzulassen und nur noch nach dem Willen Gottes zu suchen. Willst du das?<br \/>\nEs gibt auch Gebete, die schon vorformuliert sind. Dazu z\u00e4hlt das Vaterunser, das Jesus uns selber gelehrt hat. Wenn wir diese Gebete beten, wissen wir uns mit unserer Kirche verbunden, da diese Gebete von vielen Menschen gebetet werden. Dadurch str\u00f6men viele Gnaden auf uns und die ganze Welt herab. Wir wollen ja schlie\u00dflich nicht nur f\u00fcr uns beten, sondern f\u00fcr alle Menschen auf der Welt.<\/p>\n<p>Ich w\u00fcnsche Dir, dass Du die wahre Freude am Gebet findest. Auch wenn Du einmal nichts sp\u00fcren solltest, lege trotzdem den H\u00f6rer nicht auf und bleib mit Gott verbunden.<\/p>\n","protected":false},"excerpt":{"rendered":"<p>Auf dieser Seite sammeln wir eure Lieblingsgebete. Allerdings m\u00f6chte ich die Gebete nicht vorgeben, sondern eure Vorschl\u00e4ge hier posten. Bitte schreibe immer dazu, um was f\u00fcr ein Gebet es sich handelt (z.B. Morgengebet, Abendgebet, Gebet vor der Mahlzeit, Gebet f\u00fcr &hellip; <a href=\"https:\/\/kleiner-ritter-der-unbefleckten.de\/?page_id=432\">Weiterlesen <span class=\"meta-nav\">&rarr;<\/span><\/a><\/p>\n","protected":false},"author":3,"featured_media":0,"parent":0,"menu_order":0,"comment_status":"open","ping_status":"closed","template":"","meta":{"footnotes":""},"class_list":["post-432","page","type-page","status-publish","hentry"],"_links":{"self":[{"href":"https:\/\/kleiner-ritter-der-unbefleckten.de\/index.php?rest_route=\/wp\/v2\/pages\/432","targetHints":{"allow":["GET"]}}],"collection":[{"href":"https:\/\/kleiner-ritter-der-unbefleckten.de\/index.php?rest_route=\/wp\/v2\/pages"}],"about":[{"href":"https:\/\/kleiner-ritter-der-unbefleckten.de\/index.php?rest_route=\/wp\/v2\/types\/page"}],"author":[{"embeddable":true,"href":"https:\/\/kleiner-ritter-der-unbefleckten.de\/index.php?rest_route=\/wp\/v2\/users\/3"}],"replies":[{"embeddable":true,"href":"https:\/\/kleiner-ritter-der-unbefleckten.de\/index.php?rest_route=%2Fwp%2Fv2%2Fcomments&post=432"}],"version-history":[{"count":4,"href":"https:\/\/kleiner-ritter-der-unbefleckten.de\/index.php?rest_route=\/wp\/v2\/pages\/432\/revisions"}],"predecessor-version":[{"id":3358,"href":"https:\/\/kleiner-ritter-der-unbefleckten.de\/index.php?rest_route=\/wp\/v2\/pages\/432\/revisions\/3358"}],"wp:attachment":[{"href":"https:\/\/kleiner-ritter-der-unbefleckten.de\/index.php?rest_route=%2Fwp%2Fv2%2Fmedia&parent=432"}],"curies":[{"name":"wp","href":"https:\/\/api.w.org\/{rel}","templated":true}]}}